{"id":3482,"date":"2025-11-11T15:59:24","date_gmt":"2025-11-11T15:59:24","guid":{"rendered":"https:\/\/dmceuropa.com\/?page_id=3482"},"modified":"2025-11-12T13:52:24","modified_gmt":"2025-11-12T13:52:24","slug":"luxury-car","status":"publish","type":"page","link":"https:\/\/dmceuropa.com\/de\/luxury-car\/","title":{"rendered":"Luxury Car service"},"content":{"rendered":"<h3 class=\"wp-block-heading\">DMC Europe \u2013 Excellence in Luxury Transfers &amp; Disposals<\/h3>\n\n\n\n<p class=\"has-text-align-left\">Willkommen bei <strong>DMC Europe<\/strong>, Ihrem exklusiven Partner f\u00fcr diskrete, ma\u00dfgeschneiderte und hochprofessionelle Dienstleistungen im Bereich <strong>Luxury Transfers<\/strong>\u00a0und <strong>Disposals<\/strong>.<br>Mit Sitz im Herzen von <strong>Berlin<\/strong>\u00a0und einem weitreichenden Netzwerk in ganz <strong>Europa<\/strong>\u00a0steht DMC Europe f\u00fcr eine neue Dimension von Service \u2013 gepr\u00e4gt von <strong>Diskretion, Pr\u00e4zision und unvergleichlichem Stil<\/strong>.<br>Unser Anspruch ist es, den h\u00f6chsten Erwartungen unserer Kunden gerecht zu werden. Wir verstehen, dass Zeit, Komfort und Vertrauen die wahren W\u00e4hrungen der modernen Welt sind. Daher kombinieren wir erstklassige Fahrzeuge, erfahrene Chauffeure und ein perfekt abgestimmtes Logistikmanagement zu einem <strong>Serviceerlebnis auf h\u00f6chstem Niveau<\/strong>. Ob <strong>privater Klient, Unternehmen oder internationaler Partner<\/strong>\u00a0\u2013 wir bieten L\u00f6sungen, die in jedem Detail \u00fcberzeugen. Unsere Dienstleistungen sind so individuell wie unsere Kunden, und stets darauf ausgerichtet, Ihre Erwartungen nicht nur zu erf\u00fcllen, sondern zu \u00fcbertreffen.<\/p>\n\n\n\n<h4 class=\"wp-block-heading\">Unsere Leistungen im \u00dcberblick<\/h4>\n\n\n\n<ul class=\"wp-block-list\">\n<li><strong>Diskrete Abwicklung<\/strong>\u00a0f\u00fcr private und gewerbliche Kunden<\/li>\n\n\n\n<li><strong>Individuelle Betreuung und pers\u00f6nliche Beratung<\/strong>\u00a0\u2013 ma\u00dfgeschneidert f\u00fcr jeden Anspruch<\/li>\n\n\n\n<li><strong>Luxuri\u00f6se Transfers<\/strong>\u00a0mit h\u00f6chstem Komfort und P\u00fcnktlichkeit<\/li>\n\n\n\n<li><strong>Europaweite Transport- und Logistikl\u00f6sungen<\/strong>\u00a0f\u00fcr h\u00f6chste Flexibilit\u00e4t<\/li>\n\n\n\n<li><strong>Vertrauliche Kooperationen<\/strong>\u00a0mit Partnern im High-End-Segment<\/li>\n<\/ul>\n\n\n\n<p>Bei <strong>DMC Europe<\/strong>\u00a0steht <strong>Qualit\u00e4t vor Quantit\u00e4t<\/strong>. Wir vermitteln nicht nur Fahrzeuge oder Transfers \u2013 wir schaffen <strong>Verbindungen zwischen Menschen<\/strong>, die Exzellenz, Stil und Diskretion als Selbstverst\u00e4ndnis sehen. Jeder Auftrag ist f\u00fcr uns eine Verpflichtung, Perfektion neu zu definieren \u2013 mit Leidenschaft, Eleganz und absoluter Professionalit\u00e4t.<\/p>\n\n\n\n<figure class=\"wp-block-gallery has-nested-images columns-default is-cropped wp-block-gallery-1 is-layout-flex wp-block-gallery-is-layout-flex\">\n<figure class=\"wp-block-image size-large\"><img fetchpriority=\"high\" decoding=\"async\" width=\"1024\" height=\"683\" data-id=\"3502\" src=\"https:\/\/dmceuropa.com\/wp-content\/uploads\/2025\/11\/Bild_9-1024x683.jpg\" alt=\"\" class=\"wp-image-3502\" srcset=\"https:\/\/dmceuropa.com\/wp-content\/uploads\/2025\/11\/Bild_9-1024x683.jpg 1024w, https:\/\/dmceuropa.com\/wp-content\/uploads\/2025\/11\/Bild_9-300x200.jpg 300w, https:\/\/dmceuropa.com\/wp-content\/uploads\/2025\/11\/Bild_9-768x512.jpg 768w, https:\/\/dmceuropa.com\/wp-content\/uploads\/2025\/11\/Bild_9-1536x1025.jpg 1536w, https:\/\/dmceuropa.com\/wp-content\/uploads\/2025\/11\/Bild_9-18x12.jpg 18w, https:\/\/dmceuropa.com\/wp-content\/uploads\/2025\/11\/Bild_9-600x400.jpg 600w, https:\/\/dmceuropa.com\/wp-content\/uploads\/2025\/11\/Bild_9.jpg 2048w\" sizes=\"(max-width: 1024px) 100vw, 1024px\" \/><\/figure>\n\n\n\n<figure class=\"wp-block-image size-large\"><img decoding=\"async\" width=\"1024\" height=\"683\" data-id=\"3494\" src=\"https:\/\/dmceuropa.com\/wp-content\/uploads\/2025\/11\/Bild_1-1024x683.jpg\" alt=\"\" class=\"wp-image-3494\" srcset=\"https:\/\/dmceuropa.com\/wp-content\/uploads\/2025\/11\/Bild_1-1024x683.jpg 1024w, https:\/\/dmceuropa.com\/wp-content\/uploads\/2025\/11\/Bild_1-300x200.jpg 300w, https:\/\/dmceuropa.com\/wp-content\/uploads\/2025\/11\/Bild_1-768x512.jpg 768w, https:\/\/dmceuropa.com\/wp-content\/uploads\/2025\/11\/Bild_1-1536x1025.jpg 1536w, https:\/\/dmceuropa.com\/wp-content\/uploads\/2025\/11\/Bild_1-18x12.jpg 18w, https:\/\/dmceuropa.com\/wp-content\/uploads\/2025\/11\/Bild_1-600x400.jpg 600w, https:\/\/dmceuropa.com\/wp-content\/uploads\/2025\/11\/Bild_1.jpg 2048w\" sizes=\"(max-width: 1024px) 100vw, 1024px\" \/><\/figure>\n\n\n\n<figure class=\"wp-block-image size-large\"><img decoding=\"async\" width=\"1024\" height=\"683\" data-id=\"3503\" src=\"https:\/\/dmceuropa.com\/wp-content\/uploads\/2025\/11\/Bild_10-1024x683.jpg\" alt=\"\" class=\"wp-image-3503\" srcset=\"https:\/\/dmceuropa.com\/wp-content\/uploads\/2025\/11\/Bild_10-1024x683.jpg 1024w, https:\/\/dmceuropa.com\/wp-content\/uploads\/2025\/11\/Bild_10-300x200.jpg 300w, https:\/\/dmceuropa.com\/wp-content\/uploads\/2025\/11\/Bild_10-768x512.jpg 768w, https:\/\/dmceuropa.com\/wp-content\/uploads\/2025\/11\/Bild_10-1536x1025.jpg 1536w, https:\/\/dmceuropa.com\/wp-content\/uploads\/2025\/11\/Bild_10-18x12.jpg 18w, https:\/\/dmceuropa.com\/wp-content\/uploads\/2025\/11\/Bild_10-600x400.jpg 600w, https:\/\/dmceuropa.com\/wp-content\/uploads\/2025\/11\/Bild_10.jpg 2048w\" sizes=\"(max-width: 1024px) 100vw, 1024px\" \/><\/figure>\n\n\n\n<figure class=\"wp-block-image size-large\"><img loading=\"lazy\" decoding=\"async\" width=\"819\" height=\"1024\" data-id=\"3501\" src=\"https:\/\/dmceuropa.com\/wp-content\/uploads\/2025\/11\/Bild_8-819x1024.jpeg\" alt=\"\" class=\"wp-image-3501\" srcset=\"https:\/\/dmceuropa.com\/wp-content\/uploads\/2025\/11\/Bild_8-819x1024.jpeg 819w, https:\/\/dmceuropa.com\/wp-content\/uploads\/2025\/11\/Bild_8-240x300.jpeg 240w, https:\/\/dmceuropa.com\/wp-content\/uploads\/2025\/11\/Bild_8-768x960.jpeg 768w, https:\/\/dmceuropa.com\/wp-content\/uploads\/2025\/11\/Bild_8-1229x1536.jpeg 1229w, https:\/\/dmceuropa.com\/wp-content\/uploads\/2025\/11\/Bild_8-1638x2048.jpeg 1638w, https:\/\/dmceuropa.com\/wp-content\/uploads\/2025\/11\/Bild_8-10x12.jpeg 10w, https:\/\/dmceuropa.com\/wp-content\/uploads\/2025\/11\/Bild_8-600x750.jpeg 600w, https:\/\/dmceuropa.com\/wp-content\/uploads\/2025\/11\/Bild_8.jpeg 2048w\" sizes=\"(max-width: 819px) 100vw, 819px\" \/><\/figure>\n\n\n\n<figure class=\"wp-block-image size-large\"><img loading=\"lazy\" decoding=\"async\" width=\"1024\" height=\"683\" data-id=\"3500\" src=\"https:\/\/dmceuropa.com\/wp-content\/uploads\/2025\/11\/Bild_7-1024x683.jpg\" alt=\"\" class=\"wp-image-3500\" srcset=\"https:\/\/dmceuropa.com\/wp-content\/uploads\/2025\/11\/Bild_7-1024x683.jpg 1024w, https:\/\/dmceuropa.com\/wp-content\/uploads\/2025\/11\/Bild_7-300x200.jpg 300w, https:\/\/dmceuropa.com\/wp-content\/uploads\/2025\/11\/Bild_7-768x512.jpg 768w, https:\/\/dmceuropa.com\/wp-content\/uploads\/2025\/11\/Bild_7-1536x1024.jpg 1536w, https:\/\/dmceuropa.com\/wp-content\/uploads\/2025\/11\/Bild_7-18x12.jpg 18w, https:\/\/dmceuropa.com\/wp-content\/uploads\/2025\/11\/Bild_7-600x400.jpg 600w, https:\/\/dmceuropa.com\/wp-content\/uploads\/2025\/11\/Bild_7.jpg 2048w\" sizes=\"(max-width: 1024px) 100vw, 1024px\" \/><\/figure>\n\n\n\n<figure class=\"wp-block-image size-large\"><img loading=\"lazy\" decoding=\"async\" width=\"1024\" height=\"683\" data-id=\"3499\" src=\"https:\/\/dmceuropa.com\/wp-content\/uploads\/2025\/11\/Bild_6-1024x683.jpg\" alt=\"\" class=\"wp-image-3499\" srcset=\"https:\/\/dmceuropa.com\/wp-content\/uploads\/2025\/11\/Bild_6-1024x683.jpg 1024w, https:\/\/dmceuropa.com\/wp-content\/uploads\/2025\/11\/Bild_6-300x200.jpg 300w, https:\/\/dmceuropa.com\/wp-content\/uploads\/2025\/11\/Bild_6-768x512.jpg 768w, https:\/\/dmceuropa.com\/wp-content\/uploads\/2025\/11\/Bild_6-1536x1024.jpg 1536w, https:\/\/dmceuropa.com\/wp-content\/uploads\/2025\/11\/Bild_6-18x12.jpg 18w, https:\/\/dmceuropa.com\/wp-content\/uploads\/2025\/11\/Bild_6-600x400.jpg 600w, https:\/\/dmceuropa.com\/wp-content\/uploads\/2025\/11\/Bild_6.jpg 2048w\" sizes=\"(max-width: 1024px) 100vw, 1024px\" \/><\/figure>\n\n\n\n<figure class=\"wp-block-image size-large\"><img loading=\"lazy\" decoding=\"async\" width=\"1024\" height=\"683\" data-id=\"3498\" src=\"https:\/\/dmceuropa.com\/wp-content\/uploads\/2025\/11\/Bild_5-1024x683.jpg\" alt=\"\" class=\"wp-image-3498\" srcset=\"https:\/\/dmceuropa.com\/wp-content\/uploads\/2025\/11\/Bild_5-1024x683.jpg 1024w, https:\/\/dmceuropa.com\/wp-content\/uploads\/2025\/11\/Bild_5-300x200.jpg 300w, https:\/\/dmceuropa.com\/wp-content\/uploads\/2025\/11\/Bild_5-768x512.jpg 768w, https:\/\/dmceuropa.com\/wp-content\/uploads\/2025\/11\/Bild_5-1536x1024.jpg 1536w, https:\/\/dmceuropa.com\/wp-content\/uploads\/2025\/11\/Bild_5-18x12.jpg 18w, https:\/\/dmceuropa.com\/wp-content\/uploads\/2025\/11\/Bild_5-600x400.jpg 600w, https:\/\/dmceuropa.com\/wp-content\/uploads\/2025\/11\/Bild_5.jpg 2048w\" sizes=\"(max-width: 1024px) 100vw, 1024px\" \/><\/figure>\n\n\n\n<figure class=\"wp-block-image size-large\"><img loading=\"lazy\" decoding=\"async\" width=\"1024\" height=\"683\" data-id=\"3497\" src=\"https:\/\/dmceuropa.com\/wp-content\/uploads\/2025\/11\/Bild_4-1024x683.jpg\" alt=\"\" class=\"wp-image-3497\" srcset=\"https:\/\/dmceuropa.com\/wp-content\/uploads\/2025\/11\/Bild_4-1024x683.jpg 1024w, https:\/\/dmceuropa.com\/wp-content\/uploads\/2025\/11\/Bild_4-300x200.jpg 300w, https:\/\/dmceuropa.com\/wp-content\/uploads\/2025\/11\/Bild_4-768x512.jpg 768w, https:\/\/dmceuropa.com\/wp-content\/uploads\/2025\/11\/Bild_4-1536x1024.jpg 1536w, https:\/\/dmceuropa.com\/wp-content\/uploads\/2025\/11\/Bild_4-18x12.jpg 18w, https:\/\/dmceuropa.com\/wp-content\/uploads\/2025\/11\/Bild_4-600x400.jpg 600w, https:\/\/dmceuropa.com\/wp-content\/uploads\/2025\/11\/Bild_4.jpg 2048w\" sizes=\"(max-width: 1024px) 100vw, 1024px\" \/><\/figure>\n\n\n\n<figure class=\"wp-block-image size-large\"><img loading=\"lazy\" decoding=\"async\" width=\"1024\" height=\"683\" data-id=\"3496\" src=\"https:\/\/dmceuropa.com\/wp-content\/uploads\/2025\/11\/Bild_3-1024x683.jpg\" alt=\"\" class=\"wp-image-3496\" srcset=\"https:\/\/dmceuropa.com\/wp-content\/uploads\/2025\/11\/Bild_3-1024x683.jpg 1024w, https:\/\/dmceuropa.com\/wp-content\/uploads\/2025\/11\/Bild_3-300x200.jpg 300w, https:\/\/dmceuropa.com\/wp-content\/uploads\/2025\/11\/Bild_3-768x512.jpg 768w, https:\/\/dmceuropa.com\/wp-content\/uploads\/2025\/11\/Bild_3-1536x1025.jpg 1536w, https:\/\/dmceuropa.com\/wp-content\/uploads\/2025\/11\/Bild_3-18x12.jpg 18w, https:\/\/dmceuropa.com\/wp-content\/uploads\/2025\/11\/Bild_3-600x400.jpg 600w, https:\/\/dmceuropa.com\/wp-content\/uploads\/2025\/11\/Bild_3.jpg 2048w\" sizes=\"(max-width: 1024px) 100vw, 1024px\" \/><\/figure>\n<\/figure>\n\n\n\n<figure class=\"wp-block-gallery has-nested-images columns-default is-cropped wp-block-gallery-2 is-layout-flex wp-block-gallery-is-layout-flex\"><\/figure>\n\n\n\n<figure class=\"wp-block-gallery has-nested-images columns-default is-cropped wp-block-gallery-3 is-layout-flex wp-block-gallery-is-layout-flex\"><\/figure>\n\n\n\n<figure class=\"wp-block-gallery has-nested-images columns-default is-cropped wp-block-gallery-4 is-layout-flex wp-block-gallery-is-layout-flex\"><\/figure>\n\n\n\n<figure class=\"wp-block-gallery has-nested-images columns-default is-cropped wp-block-gallery-5 is-layout-flex wp-block-gallery-is-layout-flex\"><\/figure>\n\n\n\n<figure class=\"wp-block-gallery has-nested-images columns-default is-cropped wp-block-gallery-6 is-layout-flex wp-block-gallery-is-layout-flex\"><\/figure>","protected":false},"excerpt":{"rendered":"<p>DMC Europe \u2013 Excellence in Luxury Transfers &amp; Disposals Willkommen bei DMC Europe, Ihrem exklusiven Partner f\u00fcr diskrete, ma\u00dfgeschneiderte und hochprofessionelle Dienstleistungen im Bereich Luxury Transfers\u00a0und Disposals.Mit Sitz im Herzen von Berlin\u00a0und einem weitreichenden Netzwerk in ganz Europa\u00a0steht DMC Europe f\u00fcr eine neue Dimension von Service \u2013 gepr\u00e4gt von Diskretion, Pr\u00e4zision und unvergleichlichem Stil.Unser Anspruch [&hellip;]<\/p>","protected":false},"author":3,"featured_media":0,"parent":0,"menu_order":0,"comment_status":"closed","ping_status":"closed","template":"","meta":{"inline_featured_image":false,"footnotes":""},"class_list":["post-3482","page","type-page","status-publish","hentry"],"_links":{"self":[{"href":"https:\/\/dmceuropa.com\/de\/wp-json\/wp\/v2\/pages\/3482","targetHints":{"allow":["GET"]}}],"collection":[{"href":"https:\/\/dmceuropa.com\/de\/wp-json\/wp\/v2\/pages"}],"about":[{"href":"https:\/\/dmceuropa.com\/de\/wp-json\/wp\/v2\/types\/page"}],"author":[{"embeddable":true,"href":"https:\/\/dmceuropa.com\/de\/wp-json\/wp\/v2\/users\/3"}],"replies":[{"embeddable":true,"href":"https:\/\/dmceuropa.com\/de\/wp-json\/wp\/v2\/comments?post=3482"}],"version-history":[{"count":0,"href":"https:\/\/dmceuropa.com\/de\/wp-json\/wp\/v2\/pages\/3482\/revisions"}],"wp:attachment":[{"href":"https:\/\/dmceuropa.com\/de\/wp-json\/wp\/v2\/media?parent=3482"}],"curies":[{"name":"wp","href":"https:\/\/api.w.org\/{rel}","templated":true}]}}