{"id":3436,"date":"2025-02-05T13:46:24","date_gmt":"2025-02-05T13:46:24","guid":{"rendered":"https:\/\/dmceuropa.com\/?page_id=3436"},"modified":"2025-02-05T14:25:09","modified_gmt":"2025-02-05T14:25:09","slug":"messe-ausstellungen","status":"publish","type":"page","link":"https:\/\/dmceuropa.com\/de\/messe-ausstellungen\/","title":{"rendered":"Messe, Austellung &amp; Catering"},"content":{"rendered":"<div data-elementor-type=\"wp-page\" data-elementor-id=\"3436\" class=\"elementor elementor-3436\">\n\t\t\t\t<div class=\"elementor-element elementor-element-3c04e2a e-flex e-con-boxed e-con e-parent\" data-id=\"3c04e2a\" data-element_type=\"container\">\n\t\t\t\t\t<div class=\"e-con-inner\">\n\t\t\t\t<div class=\"elementor-element elementor-element-13c876e elementor-widget elementor-widget-text-editor\" data-id=\"13c876e\" data-element_type=\"widget\" data-widget_type=\"text-editor.default\">\n\t\t\t\t<div class=\"elementor-widget-container\">\n\t\t\t\t\t\t\t\t\t<h2><span style=\"font-family: Jost, sans-serif;\">Messe, Austellung &amp; Catering<\/span><\/h2><p>Konzeption und Planung: Wir entwickeln ma\u00dfgeschneiderte Konzepte, die auf Ihre spezifischen Ziele und Anforderungen abgestimmt sind. Dabei ber\u00fccksichtigen wir alle Aspekte Ihrer Messepr\u00e4senz, von der Standgestaltung bis zur Logistik.<\/p><p>Standbau und -gestaltung: Unser kreatives Team entwirft ansprechende Messest\u00e4nde, die Ihre Marke optimal pr\u00e4sentieren. Wir k\u00fcmmern uns um alle Details, von der Konstruktion bis zur Dekoration, um sicherzustellen, dass Ihr Stand ein echter Blickfang ist.<\/p><p>Logistik und Transport: Wir organisieren den gesamten Transport Ihrer Materialien und Ausstattungen zur Messe und zur\u00fcck. Unsere erfahrenen Logistikexperten sorgen daf\u00fcr, dass alles p\u00fcnktlich und sicher ankommt.<\/p><p>Personal und Betreuung: Wir stellen Ihnen qualifiziertes Personal zur Verf\u00fcgung, das Ihre Messepr\u00e4senz unterst\u00fctzt. Ob Hostessen, Fachpersonal oder technische Unterst\u00fctzung \u2013 wir haben die richtigen Leute f\u00fcr Sie.<\/p><p>Verpflegung: Unser Catering-Service steht Ihnen vor, w\u00e4hrend und nach der Messe zur Verf\u00fcgung, um Ihre Bed\u00fcrfnisse zu erf\u00fcllen. Wir bieten eine Vielzahl kulinarischer Spezialit\u00e4ten, die auf Ihre speziellen Bed\u00fcrfnisse zugeschnitten werden k\u00f6nnen.<\/p><p>Nachbereitung und Auswertung: Nach der Messe analysieren wir gemeinsam die Ergebnisse und helfen Ihnen, wertvolle Erkenntnisse f\u00fcr zuk\u00fcnftige Veranstaltungen zu gewinnen.<\/p><p>Mit unserer langj\u00e4hrigen Erfahrung und unserem Engagement f\u00fcr exzellenten Service sorgen wir daf\u00fcr, dass Ihre Messe- und Ausstellungsprojekte erfolgreich und unvergesslich werden. Vertrauen Sie auf die Dest&amp;Ex European GmbH \u2013 wir bringen Ihre Marke zum Strahlen!<\/p>\t\t\t\t\t\t\t\t<\/div>\n\t\t\t\t<\/div>\n\t\t\t\t\t<\/div>\n\t\t\t\t<\/div>\n\t\t<div class=\"elementor-element elementor-element-013b3ef e-flex e-con-boxed e-con e-parent\" data-id=\"013b3ef\" data-element_type=\"container\">\n\t\t\t\t\t<div class=\"e-con-inner\">\n\t\t\t\t\t<\/div>\n\t\t\t\t<\/div>\n\t\t<div class=\"elementor-element elementor-element-8cf8a88 e-flex e-con-boxed e-con e-parent\" data-id=\"8cf8a88\" data-element_type=\"container\">\n\t\t\t\t\t<div class=\"e-con-inner\">\n\t\t\t\t<div class=\"elementor-element elementor-element-77bcc2f elementor-widget elementor-widget-triprex_feature\" data-id=\"77bcc2f\" data-element_type=\"widget\" data-widget_type=\"triprex_feature.default\">\n\t\t\t\t<div class=\"elementor-widget-container\">\n\t\t\t\t\t\n\n                    <div class=\"feature-card-section\">\n                <img decoding=\"async\" src=\"https:\/\/dmceuropa.com\/wp-content\/themes\/triprex\/assets\/img\/home1\/section-vector4.png\" alt=\"image\" class=\"section-vector4\">\n                <div class=\"container\">\n                    <div class=\"row\">\n                        <div class=\"col-lg-12\">\n                            <div class=\"section-title text-center mb-60\">\n                                                                                                    <h2> Wir unterst\u00fctzen Sie bei<\/h2>\n                                                            <\/div>\n                        <\/div>\n                    <\/div>\n                    <div class=\"row g-md-4 gy-5\">\n                                                    <div class=\"col-xl-4 col-md-6\">\n                                <div class=\"feature-card\">\n                                                                            <div class=\"feature-card-icon\">\n                                            <svg aria-hidden=\"true\" class=\"e-font-icon-svg e-fas-desktop\" viewbox=\"0 0 576 512\" xmlns=\"http:\/\/www.w3.org\/2000\/svg\"><path d=\"M528 0H48C21.5 0 0 21.5 0 48v320c0 26.5 21.5 48 48 48h192l-16 48h-72c-13.3 0-24 10.7-24 24s10.7 24 24 24h272c13.3 0 24-10.7 24-24s-10.7-24-24-24h-72l-16-48h192c26.5 0 48-21.5 48-48V48c0-26.5-21.5-48-48-48zm-16 352H64V64h448v288z\"><\/path><\/svg>                                        <\/div>\n                                                                        <div class=\"feature-card-content\">\n                                                                                    <h6>Konzeption &amp; Planung<\/h6>\n                                                                                                                            <p>Wir bieten ma\u00dfgeschneiderte Konzepte, die auf Ihre spezifischen Ziele und Anforderungen zugeschnitten sind.<\/p>\n                                                                            <\/div>\n                                <\/div>\n                            <\/div>\n                                                    <div class=\"col-xl-4 col-md-6\">\n                                <div class=\"feature-card two\">\n                                                                            <div class=\"feature-card-icon\">\n                                            <svg aria-hidden=\"true\" class=\"e-font-icon-svg e-fas-coffee\" viewbox=\"0 0 640 512\" xmlns=\"http:\/\/www.w3.org\/2000\/svg\"><path d=\"M192 384h192c53 0 96-43 96-96h32c70.6 0 128-57.4 128-128S582.6 32 512 32H120c-13.3 0-24 10.7-24 24v232c0 53 43 96 96 96zM512 96c35.3 0 64 28.7 64 64s-28.7 64-64 64h-32V96h32zm47.7 384H48.3c-47.6 0-61-64-36-64h583.3c25 0 11.8 64-35.9 64z\"><\/path><\/svg>                                        <\/div>\n                                                                        <div class=\"feature-card-content\">\n                                                                                    <h6>Verpflegung<\/h6>\n                                                                                                                            <p>Unser Catering-Service steht Ihnen vor, w\u00e4hrend und nach der Messe zur Verf\u00fcgung, um Ihre Bed\u00fcrfnisse zu erf\u00fcllen. Wir bieten eine Vielzahl kulinarischer Spezialit\u00e4ten an, die auf Ihre spezifischen Anforderungen zugeschnitten werden k\u00f6nnen.<\/p>\n                                                                            <\/div>\n                                <\/div>\n                            <\/div>\n                                                    <div class=\"col-xl-4 col-md-6\">\n                                <div class=\"feature-card three\">\n                                                                            <div class=\"feature-card-icon\">\n                                            <svg aria-hidden=\"true\" class=\"e-font-icon-svg e-fas-bus\" viewbox=\"0 0 512 512\" xmlns=\"http:\/\/www.w3.org\/2000\/svg\"><path d=\"M488 128h-8V80c0-44.8-99.2-80-224-80S32 35.2 32 80v48h-8c-13.25 0-24 10.74-24 24v80c0 13.25 10.75 24 24 24h8v160c0 17.67 14.33 32 32 32v32c0 17.67 14.33 32 32 32h32c17.67 0 32-14.33 32-32v-32h192v32c0 17.67 14.33 32 32 32h32c17.67 0 32-14.33 32-32v-32h6.4c16 0 25.6-12.8 25.6-25.6V256h8c13.25 0 24-10.75 24-24v-80c0-13.26-10.75-24-24-24zM112 400c-17.67 0-32-14.33-32-32s14.33-32 32-32 32 14.33 32 32-14.33 32-32 32zm16-112c-17.67 0-32-14.33-32-32V128c0-17.67 14.33-32 32-32h256c17.67 0 32 14.33 32 32v128c0 17.67-14.33 32-32 32H128zm272 112c-17.67 0-32-14.33-32-32s14.33-32 32-32 32 14.33 32 32-14.33 32-32 32z\"><\/path><\/svg>                                        <\/div>\n                                                                        <div class=\"feature-card-content\">\n                                                                                    <h6>Transport &amp; Logistik<\/h6>\n                                                                                                                            <p>Wir \u00fcbernehmen die komplette Logistik f\u00fcr den Transport Ihrer Materialien und Ger\u00e4te zur und von der Messe.<\/p>\n                                                                            <\/div>\n                                <\/div>\n                            <\/div>\n                                                    <div class=\"col-xl-4 col-md-6\">\n                                <div class=\"feature-card\">\n                                                                            <div class=\"feature-card-icon\">\n                                            <svg aria-hidden=\"true\" class=\"e-font-icon-svg e-fas-people-arrows\" viewbox=\"0 0 576 512\" xmlns=\"http:\/\/www.w3.org\/2000\/svg\"><path d=\"M96,128A64,64,0,1,0,32,64,64,64,0,0,0,96,128Zm0,176.08a44.11,44.11,0,0,1,13.64-32L181.77,204c1.65-1.55,3.77-2.31,5.61-3.57A63.91,63.91,0,0,0,128,160H64A64,64,0,0,0,0,224v96a32,32,0,0,0,32,32V480a32,32,0,0,0,32,32h64a32,32,0,0,0,32-32V383.61l-50.36-47.53A44.08,44.08,0,0,1,96,304.08ZM480,128a64,64,0,1,0-64-64A64,64,0,0,0,480,128Zm32,32H448a63.91,63.91,0,0,0-59.38,40.42c1.84,1.27,4,2,5.62,3.59l72.12,68.06a44.37,44.37,0,0,1,0,64L416,383.62V480a32,32,0,0,0,32,32h64a32,32,0,0,0,32-32V352a32,32,0,0,0,32-32V224A64,64,0,0,0,512,160ZM444.4,295.34l-72.12-68.06A12,12,0,0,0,352,236v36H224V236a12,12,0,0,0-20.28-8.73L131.6,295.34a12.4,12.4,0,0,0,0,17.47l72.12,68.07A12,12,0,0,0,224,372.14V336H352v36.14a12,12,0,0,0,20.28,8.74l72.12-68.07A12.4,12.4,0,0,0,444.4,295.34Z\"><\/path><\/svg>                                        <\/div>\n                                                                        <div class=\"feature-card-content\">\n                                                                                    <h6>Personal &amp; Unterst\u00fctzung<\/h6>\n                                                                                                                            <p>Wir stellen Ihnen qualifiziertes Personal zur Unterst\u00fctzung Ihres Messeauftritts zur Verf\u00fcgung. Zu unserem Personal geh\u00f6ren Hostessen, Fachpersonal und technische Support-Profis.<\/p>\n                                                                            <\/div>\n                                <\/div>\n                            <\/div>\n                                                    <div class=\"col-xl-4 col-md-6\">\n                                <div class=\"feature-card three\">\n                                                                            <div class=\"feature-card-icon\">\n                                            <svg aria-hidden=\"true\" class=\"e-font-icon-svg e-far-chart-bar\" viewbox=\"0 0 512 512\" xmlns=\"http:\/\/www.w3.org\/2000\/svg\"><path d=\"M396.8 352h22.4c6.4 0 12.8-6.4 12.8-12.8V108.8c0-6.4-6.4-12.8-12.8-12.8h-22.4c-6.4 0-12.8 6.4-12.8 12.8v230.4c0 6.4 6.4 12.8 12.8 12.8zm-192 0h22.4c6.4 0 12.8-6.4 12.8-12.8V140.8c0-6.4-6.4-12.8-12.8-12.8h-22.4c-6.4 0-12.8 6.4-12.8 12.8v198.4c0 6.4 6.4 12.8 12.8 12.8zm96 0h22.4c6.4 0 12.8-6.4 12.8-12.8V204.8c0-6.4-6.4-12.8-12.8-12.8h-22.4c-6.4 0-12.8 6.4-12.8 12.8v134.4c0 6.4 6.4 12.8 12.8 12.8zM496 400H48V80c0-8.84-7.16-16-16-16H16C7.16 64 0 71.16 0 80v336c0 17.67 14.33 32 32 32h464c8.84 0 16-7.16 16-16v-16c0-8.84-7.16-16-16-16zm-387.2-48h22.4c6.4 0 12.8-6.4 12.8-12.8v-70.4c0-6.4-6.4-12.8-12.8-12.8h-22.4c-6.4 0-12.8 6.4-12.8 12.8v70.4c0 6.4 6.4 12.8 12.8 12.8z\"><\/path><\/svg>                                        <\/div>\n                                                                        <div class=\"feature-card-content\">\n                                                                                    <h6>Nachbereitung und Auswertung<\/h6>\n                                                                                                                            <p>Nach der Messe werten wir die Ergebnisse gemeinsam aus und helfen Ihnen, wertvolle Erkenntnisse f\u00fcr zuk\u00fcnftige Veranstaltungen zu gewinnen. <\/p>\n                                                                            <\/div>\n                                <\/div>\n                            <\/div>\n                                                    <div class=\"col-xl-4 col-md-6\">\n                                <div class=\"feature-card two\">\n                                                                            <div class=\"feature-card-icon\">\n                                            <svg aria-hidden=\"true\" class=\"e-font-icon-svg e-fas-hotel\" viewbox=\"0 0 576 512\" xmlns=\"http:\/\/www.w3.org\/2000\/svg\"><path d=\"M560 64c8.84 0 16-7.16 16-16V16c0-8.84-7.16-16-16-16H16C7.16 0 0 7.16 0 16v32c0 8.84 7.16 16 16 16h15.98v384H16c-8.84 0-16 7.16-16 16v32c0 8.84 7.16 16 16 16h240v-80c0-8.8 7.2-16 16-16h32c8.8 0 16 7.2 16 16v80h240c8.84 0 16-7.16 16-16v-32c0-8.84-7.16-16-16-16h-16V64h16zm-304 44.8c0-6.4 6.4-12.8 12.8-12.8h38.4c6.4 0 12.8 6.4 12.8 12.8v38.4c0 6.4-6.4 12.8-12.8 12.8h-38.4c-6.4 0-12.8-6.4-12.8-12.8v-38.4zm0 96c0-6.4 6.4-12.8 12.8-12.8h38.4c6.4 0 12.8 6.4 12.8 12.8v38.4c0 6.4-6.4 12.8-12.8 12.8h-38.4c-6.4 0-12.8-6.4-12.8-12.8v-38.4zm-128-96c0-6.4 6.4-12.8 12.8-12.8h38.4c6.4 0 12.8 6.4 12.8 12.8v38.4c0 6.4-6.4 12.8-12.8 12.8h-38.4c-6.4 0-12.8-6.4-12.8-12.8v-38.4zM179.2 256h-38.4c-6.4 0-12.8-6.4-12.8-12.8v-38.4c0-6.4 6.4-12.8 12.8-12.8h38.4c6.4 0 12.8 6.4 12.8 12.8v38.4c0 6.4-6.4 12.8-12.8 12.8zM192 384c0-53.02 42.98-96 96-96s96 42.98 96 96H192zm256-140.8c0 6.4-6.4 12.8-12.8 12.8h-38.4c-6.4 0-12.8-6.4-12.8-12.8v-38.4c0-6.4 6.4-12.8 12.8-12.8h38.4c6.4 0 12.8 6.4 12.8 12.8v38.4zm0-96c0 6.4-6.4 12.8-12.8 12.8h-38.4c-6.4 0-12.8-6.4-12.8-12.8v-38.4c0-6.4 6.4-12.8 12.8-12.8h38.4c6.4 0 12.8 6.4 12.8 12.8v38.4z\"><\/path><\/svg>                                        <\/div>\n                                                                        <div class=\"feature-card-content\">\n                                                                                    <h6>Unterbringung<\/h6>\n                                                                                                                            <p>Wir sind auf die Vermittlung von Unterk\u00fcnften spezialisiert, die auf Ihren vollen Terminkalender zugeschnitten sind. Unser Service gew\u00e4hrleistet die Buchung der n\u00e4chstgelegenen und komfortablen Hotels in der N\u00e4he der Messe.<\/p>\n                                                                            <\/div>\n                                <\/div>\n                            <\/div>\n                        \n                    <\/div>\n                <\/div>\n            <\/div>\n        \n        \n\n        \n        \n\n        \n\n        \n\t\t\t\t<\/div>\n\t\t\t\t<\/div>\n\t\t\t\t\t<\/div>\n\t\t\t\t<\/div>\n\t\t<div class=\"elementor-element elementor-element-e12a0d2 e-flex e-con-boxed e-con e-parent\" data-id=\"e12a0d2\" data-element_type=\"container\">\n\t\t\t\t\t<div class=\"e-con-inner\">\n\t\t\t\t<div class=\"elementor-element elementor-element-4d7aa67 elementor-widget elementor-widget-heading\" data-id=\"4d7aa67\" data-element_type=\"widget\" data-widget_type=\"heading.default\">\n\t\t\t\t<div class=\"elementor-widget-container\">\n\t\t\t\t\t<h2 class=\"elementor-heading-title elementor-size-default\"><h2 data-elementor-setting-key=\"title\" data-pen-placeholder=\"Type Here...\" style=\"font-weight: var( --e-global-typography-primary-font-weight );font-family: var( --e-global-typography-primary-font-family ), Sans-serif\"><span style=\"font-family: Jost, sans-serif;font-size: 16px;font-weight: 400\"><p class=\"wpcf7-contact-form-not-found\"><strong>Fehler:<\/strong> Kontaktformular wurde nicht gefunden.<\/p><\/span><\/h2><\/h2>\t\t\t\t<\/div>\n\t\t\t\t<\/div>\n\t\t\t\t\t<\/div>\n\t\t\t\t<\/div>\n\t\t\t\t<\/div>","protected":false},"excerpt":{"rendered":"<p>Trade fair, Exhibition &amp; Catering Conception and Planning: We develop customized concepts that are tailored to your specific goals and requirements. We take into account all aspects of your trade fair presence, from stand design to logistics. Stand Construction and Design: Our creative team designs appealing exhibition stands that present your brand in the best [&hellip;]<\/p>","protected":false},"author":3,"featured_media":0,"parent":0,"menu_order":0,"comment_status":"closed","ping_status":"closed","template":"","meta":{"inline_featured_image":false,"footnotes":""},"class_list":["post-3436","page","type-page","status-publish","hentry"],"_links":{"self":[{"href":"https:\/\/dmceuropa.com\/de\/wp-json\/wp\/v2\/pages\/3436","targetHints":{"allow":["GET"]}}],"collection":[{"href":"https:\/\/dmceuropa.com\/de\/wp-json\/wp\/v2\/pages"}],"about":[{"href":"https:\/\/dmceuropa.com\/de\/wp-json\/wp\/v2\/types\/page"}],"author":[{"embeddable":true,"href":"https:\/\/dmceuropa.com\/de\/wp-json\/wp\/v2\/users\/3"}],"replies":[{"embeddable":true,"href":"https:\/\/dmceuropa.com\/de\/wp-json\/wp\/v2\/comments?post=3436"}],"version-history":[{"count":0,"href":"https:\/\/dmceuropa.com\/de\/wp-json\/wp\/v2\/pages\/3436\/revisions"}],"wp:attachment":[{"href":"https:\/\/dmceuropa.com\/de\/wp-json\/wp\/v2\/media?parent=3436"}],"curies":[{"name":"wp","href":"https:\/\/api.w.org\/{rel}","templated":true}]}}