{"id":3024,"date":"2024-06-05T16:37:00","date_gmt":"2024-06-05T16:37:00","guid":{"rendered":"https:\/\/dmcgermany.dev.solinter.net\/?page_id=3024"},"modified":"2025-02-05T14:30:58","modified_gmt":"2025-02-05T14:30:58","slug":"mice-germany","status":"publish","type":"page","link":"https:\/\/dmceuropa.com\/de\/mice-germany\/","title":{"rendered":"MICE Europe"},"content":{"rendered":"<div data-elementor-type=\"wp-page\" data-elementor-id=\"3024\" class=\"elementor elementor-3024\">\n\t\t\t\t<div class=\"elementor-element elementor-element-25b4b1aa e-flex e-con-boxed e-con e-parent\" data-id=\"25b4b1aa\" data-element_type=\"container\">\n\t\t\t\t\t<div class=\"e-con-inner\">\n\t\t\t\t<div class=\"elementor-element elementor-element-339b6906 elementor-widget elementor-widget-text-editor\" data-id=\"339b6906\" data-element_type=\"widget\" data-widget_type=\"text-editor.default\">\n\t\t\t\t<div class=\"elementor-widget-container\">\n\t\t\t\t\t\t\t\t\t<p><\/p>\n<h3>MICE<\/h3>\n<p><\/p>\n<p>At DEST&amp;EX Europe, we specialize in delivering exceptional MICE (Meetings, Incentives, Conferences, and Exhibitions) services that cater to all your needs. &nbsp;To be the leading provider of MICE services in Europe, we are dedicated to achieve client satisfaction.<\/p>\n<p><strong>Tagungen:<\/strong><\/p>\n<p>Unsere umfassenden Meeting-Services sind darauf ausgelegt, unseren Kunden alles zu bieten, was sie brauchen, um den Teilnehmern ein positives Erlebnis zu bieten.<\/p>\n<p>Beispiele f\u00fcr Besprechungen sind:<\/p>\n<ul>\n<li>Seminare<\/li>\n<li>Produkteinf\u00fchrungen<\/li>\n<li>Jahrestreffen<\/li>\n<li>Lieferantentreffen<\/li>\n<li>Firmenmeetings<\/li>\n<li>Trainings<\/li>\n<\/ul>\n<p><strong>Anreize:<\/strong><\/p>\n<p>Unsere Incentive-Reisen belohnen und motivieren Ihre Mitarbeiter und Gesch\u00e4ftspartner. Wir gestalten einzigartige und unvergessliche Erlebnisse, um sicherzustellen, dass sie neue Energie tanken und hoch motiviert sind, um auch in Zukunft erfolgreich zu sein.<\/p>\n<p><strong>Konferenzen: <\/strong><\/p>\n<p>Unser Team besteht aus hochqualifizierten und erfahrenen Fachleuten f\u00fcr die Organisation umfassender Konferenzen, Kongresse und Symposien. Wir sind seit vielen Jahren exklusiver Dienstleister f\u00fcr das gesamte Kongresszentrum Deutschland. Wir organisieren j\u00e4hrlich \u00fcber 30 Veranstaltungen eigenst\u00e4ndig und organisieren Gesch\u00e4ftsreisen zu Konferenzen und Kongressen im Ausland.<\/p>\n<p><strong>Ausstellungen:<\/strong><\/p>\n<p>Wir bieten umfassende Unterst\u00fctzung f\u00fcr Messen und Ausstellungen, einschlie\u00dflich Standdesign, logistischer Organisation und Unterst\u00fctzung vor Ort. Unser Ziel ist es, Ihnen dabei zu helfen, einen starken Eindruck zu hinterlassen und eine Verbindung zu Ihrer Zielgruppe aufzubauen.<\/p>\n<p><\/p>\t\t\t\t\t\t\t\t<\/div>\n\t\t\t\t<\/div>\n\t\t\t\t\t<\/div>\n\t\t\t\t<\/div>\n\t\t<div class=\"elementor-element elementor-element-fedc75e e-con-full e-flex e-con e-parent\" data-id=\"fedc75e\" data-element_type=\"container\">\n\t\t\t\t<div class=\"elementor-element elementor-element-bfe35a0 elementor-widget elementor-widget-triprex_feature\" data-id=\"bfe35a0\" data-element_type=\"widget\" data-widget_type=\"triprex_feature.default\">\n\t\t\t\t<div class=\"elementor-widget-container\">\n\t\t\t\t\t\n\n                    <div class=\"feature-card-section\">\n                <img decoding=\"async\" src=\"https:\/\/dmceuropa.com\/wp-content\/themes\/triprex\/assets\/img\/home1\/section-vector4.png\" alt=\"image\" class=\"section-vector4\">\n                <div class=\"container\">\n                    <div class=\"row\">\n                        <div class=\"col-lg-12\">\n                            <div class=\"section-title text-center mb-60\">\n                                                                                                    <h2> Wir unterst\u00fctzen Sie bei<\/h2>\n                                                            <\/div>\n                        <\/div>\n                    <\/div>\n                    <div class=\"row g-md-4 gy-5\">\n                                                    <div class=\"col-xl-4 col-md-6\">\n                                <div class=\"feature-card\">\n                                                                            <div class=\"feature-card-icon\">\n                                            <svg aria-hidden=\"true\" class=\"e-font-icon-svg e-fas-car\" viewbox=\"0 0 512 512\" xmlns=\"http:\/\/www.w3.org\/2000\/svg\"><path d=\"M499.99 176h-59.87l-16.64-41.6C406.38 91.63 365.57 64 319.5 64h-127c-46.06 0-86.88 27.63-103.99 70.4L71.87 176H12.01C4.2 176-1.53 183.34.37 190.91l6 24C7.7 220.25 12.5 224 18.01 224h20.07C24.65 235.73 16 252.78 16 272v48c0 16.12 6.16 30.67 16 41.93V416c0 17.67 14.33 32 32 32h32c17.67 0 32-14.33 32-32v-32h256v32c0 17.67 14.33 32 32 32h32c17.67 0 32-14.33 32-32v-54.07c9.84-11.25 16-25.8 16-41.93v-48c0-19.22-8.65-36.27-22.07-48H494c5.51 0 10.31-3.75 11.64-9.09l6-24c1.89-7.57-3.84-14.91-11.65-14.91zm-352.06-17.83c7.29-18.22 24.94-30.17 44.57-30.17h127c19.63 0 37.28 11.95 44.57 30.17L384 208H128l19.93-49.83zM96 319.8c-19.2 0-32-12.76-32-31.9S76.8 256 96 256s48 28.71 48 47.85-28.8 15.95-48 15.95zm320 0c-19.2 0-48 3.19-48-15.95S396.8 256 416 256s32 12.76 32 31.9-12.8 31.9-32 31.9z\"><\/path><\/svg>                                        <\/div>\n                                                                        <div class=\"feature-card-content\">\n                                                                                    <h6>Transportdienste<\/h6>\n                                                                                                                            <p>Sie m\u00fcssen sich keine Gedanken \u00fcber die Erstellung von Fahrpl\u00e4nen und Routen f\u00fcr Shuttlebusse machen. Wir sorgen f\u00fcr einen sicheren und reibungslosen Transport vom Veranstaltungsort und auch vom Flughafen zu den Unterk\u00fcnften.\n\n\n<\/p>\n                                                                            <\/div>\n                                <\/div>\n                            <\/div>\n                                                    <div class=\"col-xl-4 col-md-6\">\n                                <div class=\"feature-card two\">\n                                                                            <div class=\"feature-card-icon\">\n                                            <svg aria-hidden=\"true\" class=\"e-font-icon-svg e-fas-people-arrows\" viewbox=\"0 0 576 512\" xmlns=\"http:\/\/www.w3.org\/2000\/svg\"><path d=\"M96,128A64,64,0,1,0,32,64,64,64,0,0,0,96,128Zm0,176.08a44.11,44.11,0,0,1,13.64-32L181.77,204c1.65-1.55,3.77-2.31,5.61-3.57A63.91,63.91,0,0,0,128,160H64A64,64,0,0,0,0,224v96a32,32,0,0,0,32,32V480a32,32,0,0,0,32,32h64a32,32,0,0,0,32-32V383.61l-50.36-47.53A44.08,44.08,0,0,1,96,304.08ZM480,128a64,64,0,1,0-64-64A64,64,0,0,0,480,128Zm32,32H448a63.91,63.91,0,0,0-59.38,40.42c1.84,1.27,4,2,5.62,3.59l72.12,68.06a44.37,44.37,0,0,1,0,64L416,383.62V480a32,32,0,0,0,32,32h64a32,32,0,0,0,32-32V352a32,32,0,0,0,32-32V224A64,64,0,0,0,512,160ZM444.4,295.34l-72.12-68.06A12,12,0,0,0,352,236v36H224V236a12,12,0,0,0-20.28-8.73L131.6,295.34a12.4,12.4,0,0,0,0,17.47l72.12,68.07A12,12,0,0,0,224,372.14V336H352v36.14a12,12,0,0,0,20.28,8.74l72.12-68.07A12.4,12.4,0,0,0,444.4,295.34Z\"><\/path><\/svg>                                        <\/div>\n                                                                        <div class=\"feature-card-content\">\n                                                                                    <h6>Team Building<\/h6>\n                                                                                                                            <p>We offer team building activities across various cities in Europe, \ndesigned to enhance trust, communication, and motivation among group members. Tailored to meet the specific needs of each organization, our services can range from engaging projects to exciting outdoor activities.\n<\/p>\n                                                                            <\/div>\n                                <\/div>\n                            <\/div>\n                                                    <div class=\"col-xl-4 col-md-6\">\n                                <div class=\"feature-card three\">\n                                                                            <div class=\"feature-card-icon\">\n                                            <svg aria-hidden=\"true\" class=\"e-font-icon-svg e-fas-home\" viewbox=\"0 0 576 512\" xmlns=\"http:\/\/www.w3.org\/2000\/svg\"><path d=\"M280.37 148.26L96 300.11V464a16 16 0 0 0 16 16l112.06-.29a16 16 0 0 0 15.92-16V368a16 16 0 0 1 16-16h64a16 16 0 0 1 16 16v95.64a16 16 0 0 0 16 16.05L464 480a16 16 0 0 0 16-16V300L295.67 148.26a12.19 12.19 0 0 0-15.3 0zM571.6 251.47L488 182.56V44.05a12 12 0 0 0-12-12h-56a12 12 0 0 0-12 12v72.61L318.47 43a48 48 0 0 0-61 0L4.34 251.47a12 12 0 0 0-1.6 16.9l25.5 31A12 12 0 0 0 45.15 301l235.22-193.74a12.19 12.19 0 0 1 15.3 0L530.9 301a12 12 0 0 0 16.9-1.6l25.5-31a12 12 0 0 0-1.7-16.93z\"><\/path><\/svg>                                        <\/div>\n                                                                        <div class=\"feature-card-content\">\n                                                                                    <h6>Planung und Management<\/h6>\n                                                                                                                            <p>Wir unterst\u00fctzen Sie bei der Planung und Durchf\u00fchrung von Partys. Wir w\u00e4hlen beispielsweise den Veranstaltungsort aus, liefern Konzeptideen und geben Anweisungen vor Ort, um sicherzustellen, dass Ihre Veranstaltung reibungslos abl\u00e4uft.<\/p>\n                                                                            <\/div>\n                                <\/div>\n                            <\/div>\n                                                    <div class=\"col-xl-4 col-md-6\">\n                                <div class=\"feature-card\">\n                                                                            <div class=\"feature-card-icon\">\n                                            <svg aria-hidden=\"true\" class=\"e-font-icon-svg e-fas-coffee\" viewbox=\"0 0 640 512\" xmlns=\"http:\/\/www.w3.org\/2000\/svg\"><path d=\"M192 384h192c53 0 96-43 96-96h32c70.6 0 128-57.4 128-128S582.6 32 512 32H120c-13.3 0-24 10.7-24 24v232c0 53 43 96 96 96zM512 96c35.3 0 64 28.7 64 64s-28.7 64-64 64h-32V96h32zm47.7 384H48.3c-47.6 0-61-64-36-64h583.3c25 0 11.8 64-35.9 64z\"><\/path><\/svg>                                        <\/div>\n                                                                        <div class=\"feature-card-content\">\n                                                                                    <h6>Begr\u00fc\u00dfungsdienste<\/h6>\n                                                                                                                            <p>Wir bieten einen Begr\u00fc\u00dfungsservice bei der Ankunft am Flughafen oder Hotel an, um unsere Gastfreundschaft zu zeigen und den Teilnehmern vom ersten Moment ihrer Ankunft an das Gef\u00fchl zu geben, gesch\u00e4tzt zu werden.<\/p>\n                                                                            <\/div>\n                                <\/div>\n                            <\/div>\n                                                    <div class=\"col-xl-4 col-md-6\">\n                                <div class=\"feature-card three\">\n                                                                            <div class=\"feature-card-icon\">\n                                            <svg aria-hidden=\"true\" class=\"e-font-icon-svg e-fas-people-arrows\" viewbox=\"0 0 576 512\" xmlns=\"http:\/\/www.w3.org\/2000\/svg\"><path d=\"M96,128A64,64,0,1,0,32,64,64,64,0,0,0,96,128Zm0,176.08a44.11,44.11,0,0,1,13.64-32L181.77,204c1.65-1.55,3.77-2.31,5.61-3.57A63.91,63.91,0,0,0,128,160H64A64,64,0,0,0,0,224v96a32,32,0,0,0,32,32V480a32,32,0,0,0,32,32h64a32,32,0,0,0,32-32V383.61l-50.36-47.53A44.08,44.08,0,0,1,96,304.08ZM480,128a64,64,0,1,0-64-64A64,64,0,0,0,480,128Zm32,32H448a63.91,63.91,0,0,0-59.38,40.42c1.84,1.27,4,2,5.62,3.59l72.12,68.06a44.37,44.37,0,0,1,0,64L416,383.62V480a32,32,0,0,0,32,32h64a32,32,0,0,0,32-32V352a32,32,0,0,0,32-32V224A64,64,0,0,0,512,160ZM444.4,295.34l-72.12-68.06A12,12,0,0,0,352,236v36H224V236a12,12,0,0,0-20.28-8.73L131.6,295.34a12.4,12.4,0,0,0,0,17.47l72.12,68.07A12,12,0,0,0,224,372.14V336H352v36.14a12,12,0,0,0,20.28,8.74l72.12-68.07A12.4,12.4,0,0,0,444.4,295.34Z\"><\/path><\/svg>                                        <\/div>\n                                                                        <div class=\"feature-card-content\">\n                                                                                    <h6>Unterst\u00fctzung vor Ort<\/h6>\n                                                                                                                            <p>An unseren Informationsschaltern erhalten die Teilnehmer alle notwendigen Informationen und k\u00f6nnen sich so auf ein reibungsloses und fundiertes Erlebnis freuen. Unsere erfahrenen Mitarbeiter sind jederzeit bereit, Sie vor Ort zu unterst\u00fctzen.<\/p>\n                                                                            <\/div>\n                                <\/div>\n                            <\/div>\n                                                    <div class=\"col-xl-4 col-md-6\">\n                                <div class=\"feature-card two\">\n                                                                            <div class=\"feature-card-icon\">\n                                            <svg aria-hidden=\"true\" class=\"e-font-icon-svg e-fas-star\" viewbox=\"0 0 576 512\" xmlns=\"http:\/\/www.w3.org\/2000\/svg\"><path d=\"M259.3 17.8L194 150.2 47.9 171.5c-26.2 3.8-36.7 36.1-17.7 54.6l105.7 103-25 145.5c-4.5 26.3 23.2 46 46.4 33.7L288 439.6l130.7 68.7c23.2 12.2 50.9-7.4 46.4-33.7l-25-145.5 105.7-103c19-18.5 8.5-50.8-17.7-54.6L382 150.2 316.7 17.8c-11.7-23.6-45.6-23.9-57.4 0z\"><\/path><\/svg>                                        <\/div>\n                                                                        <div class=\"feature-card-content\">\n                                                                                    <h6>VIP Betreuung<\/h6>\n                                                                                                                            <p>Unser Team k\u00fcmmert sich aufmerksam um Ihre VIPs, sorgt f\u00fcr eine effiziente Terminplanung und die Erf\u00fcllung ihrer Bed\u00fcrfnisse mit h\u00f6chstem Serviceniveau.<\/p>\n                                                                            <\/div>\n                                <\/div>\n                            <\/div>\n                        \n                    <\/div>\n                <\/div>\n            <\/div>\n        \n        \n\n        \n        \n\n        \n\n        \n\t\t\t\t<\/div>\n\t\t\t\t<\/div>\n\t\t\t\t<\/div>\n\t\t<div class=\"elementor-element elementor-element-38a9fce e-flex e-con-boxed e-con e-parent\" data-id=\"38a9fce\" data-element_type=\"container\">\n\t\t\t\t\t<div class=\"e-con-inner\">\n\t\t\t\t<div class=\"elementor-element elementor-element-58768ab elementor-widget elementor-widget-heading\" data-id=\"58768ab\" data-element_type=\"widget\" data-widget_type=\"heading.default\">\n\t\t\t\t<div class=\"elementor-widget-container\">\n\t\t\t\t\t<h2 class=\"elementor-heading-title elementor-size-default\"><h2 data-elementor-setting-key=\"title\" data-pen-placeholder=\"Type Here...\" style=\"font-weight: var( --e-global-typography-primary-font-weight );font-family: var( --e-global-typography-primary-font-family ), Sans-serif\"><\/h2><h2 data-elementor-setting-key=\"title\" data-pen-placeholder=\"Type Here...\" style=\"font-weight: var( --e-global-typography-primary-font-weight );font-family: var( --e-global-typography-primary-font-family ), Sans-serif\"><span style=\"font-family: Jost, sans-serif;font-size: 16px;font-weight: 400\"><p class=\"wpcf7-contact-form-not-found\"><strong>Fehler:<\/strong> Kontaktformular wurde nicht gefunden.<\/p><\/span><\/h2><\/h2>\t\t\t\t<\/div>\n\t\t\t\t<\/div>\n\t\t\t\t\t<\/div>\n\t\t\t\t<\/div>\n\t\t\t\t<\/div>","protected":false},"excerpt":{"rendered":"<p>MICE At DEST&amp;EX Europe, we specialize in delivering exceptional MICE (Meetings, Incentives, Conferences, and Exhibitions) services that cater to all your needs. &nbsp;To be the leading provider of MICE services in Europe, we are dedicated to achieve client satisfaction. Meetings: Our comprehensive meeting services are designed to provide what our customers need to ensure a [&hellip;]<\/p>","protected":false},"author":1,"featured_media":0,"parent":0,"menu_order":0,"comment_status":"closed","ping_status":"closed","template":"","meta":{"inline_featured_image":false,"footnotes":""},"class_list":["post-3024","page","type-page","status-publish","hentry"],"_links":{"self":[{"href":"https:\/\/dmceuropa.com\/de\/wp-json\/wp\/v2\/pages\/3024","targetHints":{"allow":["GET"]}}],"collection":[{"href":"https:\/\/dmceuropa.com\/de\/wp-json\/wp\/v2\/pages"}],"about":[{"href":"https:\/\/dmceuropa.com\/de\/wp-json\/wp\/v2\/types\/page"}],"author":[{"embeddable":true,"href":"https:\/\/dmceuropa.com\/de\/wp-json\/wp\/v2\/users\/1"}],"replies":[{"embeddable":true,"href":"https:\/\/dmceuropa.com\/de\/wp-json\/wp\/v2\/comments?post=3024"}],"version-history":[{"count":0,"href":"https:\/\/dmceuropa.com\/de\/wp-json\/wp\/v2\/pages\/3024\/revisions"}],"wp:attachment":[{"href":"https:\/\/dmceuropa.com\/de\/wp-json\/wp\/v2\/media?parent=3024"}],"curies":[{"name":"wp","href":"https:\/\/api.w.org\/{rel}","templated":true}]}}