{"id":2998,"date":"2024-06-05T16:19:23","date_gmt":"2024-06-05T16:19:23","guid":{"rendered":"https:\/\/dmcgermany.dev.solinter.net\/?page_id=2998"},"modified":"2024-07-02T15:00:15","modified_gmt":"2024-07-02T15:00:15","slug":"business-travel-germany-service","status":"publish","type":"page","link":"https:\/\/dmceuropa.com\/de\/business-travel-germany-service\/","title":{"rendered":"Gesch\u00e4ftsreise"},"content":{"rendered":"<div data-elementor-type=\"wp-page\" data-elementor-id=\"2998\" class=\"elementor elementor-2998\">\n\t\t\t\t<div class=\"elementor-element elementor-element-41a4fac5 e-flex e-con-boxed e-con e-parent\" data-id=\"41a4fac5\" data-element_type=\"container\">\n\t\t\t\t\t<div class=\"e-con-inner\">\n\t\t\t\t<div class=\"elementor-element elementor-element-1a98e617 elementor-widget elementor-widget-text-editor\" data-id=\"1a98e617\" data-element_type=\"widget\" data-widget_type=\"text-editor.default\">\n\t\t\t\t<div class=\"elementor-widget-container\">\n\t\t\t\t\t\t\t\t\t<p><\/p>\n<h2>Gesch\u00e4ftsreise<\/h2>\n<p>\u00a0<\/p>\n<p>Sie haben Ihre Entscheidung getroffen \u2013 Berlin, Deutschland wird das Ziel Ihrer n\u00e4chsten Gesch\u00e4ftsreise. Zeit ist ein kostbares Gut und DMC Europe ist bereit, die Planung aller Details nach Ihren W\u00fcnschen zu \u00fcbernehmen, sodass Sie sich in aller Ruhe auf Ihr Gesch\u00e4ft konzentrieren k\u00f6nnen.<\/p>\n<p>Damit Ihre Gesch\u00e4ftsreise zu einem echten Erfolg wird, ist uns jedes noch so kleine Detail wichtig. Unsere motivierten Mitarbeiter wollen Ihrem Unternehmen nicht nur den R\u00fccken freihalten, sondern zeigen Ihnen auch, wie Sie bei gleichzeitiger Qualit\u00e4tssicherung drastische Einsparungen erzielen und Kosten senken k\u00f6nnen.<\/p>\n<p><strong>Business-VIP- und Shuttle-Service:<\/strong><\/p>\n<p>DMC Europe und seine Partner sind kompetent und zuverl\u00e4ssig, wenn es um Shuttle-Services geht. Wir bringen Sie vom Flughafen zu Ihrem Hotel oder zum Tagungsort. Wir bieten Ihnen individuelle L\u00f6sungen, wenn Sie einen Bustransfer, einen Shuttle-Service oder eine Limousine ben\u00f6tigen.<\/p>\n<p>DMC Europe bietet logistische Unterst\u00fctzung und unsere starken Partner transportieren Sie oder Ihre G\u00e4ste zu Ihrem Zielort. Wir legen Wert auf P\u00fcnktlichkeit, Sicherheit und eine komfortable Reise.<\/p>\n<p><\/p>\t\t\t\t\t\t\t\t<\/div>\n\t\t\t\t<\/div>\n\t\t\t\t\t<\/div>\n\t\t\t\t<\/div>\n\t\t<div class=\"elementor-element elementor-element-7ca8766 e-con-full e-flex e-con e-parent\" data-id=\"7ca8766\" data-element_type=\"container\">\n\t\t\t\t<div class=\"elementor-element elementor-element-4a3adb6 elementor-widget elementor-widget-triprex_feature\" data-id=\"4a3adb6\" data-element_type=\"widget\" data-widget_type=\"triprex_feature.default\">\n\t\t\t\t<div class=\"elementor-widget-container\">\n\t\t\t\t\t\n\n                    <div class=\"feature-card-section\">\n                <img decoding=\"async\" src=\"https:\/\/dmceuropa.com\/wp-content\/themes\/triprex\/assets\/img\/home1\/section-vector4.png\" alt=\"image\" class=\"section-vector4\">\n                <div class=\"container\">\n                    <div class=\"row\">\n                        <div class=\"col-lg-12\">\n                            <div class=\"section-title text-center mb-60\">\n                                                                                                    <h2> Wir unterst\u00fctzen Sie bei<\/h2>\n                                                            <\/div>\n                        <\/div>\n                    <\/div>\n                    <div class=\"row g-md-4 gy-5\">\n                                                    <div class=\"col-xl-4 col-md-6\">\n                                <div class=\"feature-card\">\n                                                                            <div class=\"feature-card-icon\">\n                                            <svg aria-hidden=\"true\" class=\"e-font-icon-svg e-fas-check-square\" viewbox=\"0 0 448 512\" xmlns=\"http:\/\/www.w3.org\/2000\/svg\"><path d=\"M400 480H48c-26.51 0-48-21.49-48-48V80c0-26.51 21.49-48 48-48h352c26.51 0 48 21.49 48 48v352c0 26.51-21.49 48-48 48zm-204.686-98.059l184-184c6.248-6.248 6.248-16.379 0-22.627l-22.627-22.627c-6.248-6.248-16.379-6.249-22.628 0L184 302.745l-70.059-70.059c-6.248-6.248-16.379-6.248-22.628 0l-22.627 22.627c-6.248 6.248-6.248 16.379 0 22.627l104 104c6.249 6.25 16.379 6.25 22.628.001z\"><\/path><\/svg>                                        <\/div>\n                                                                        <div class=\"feature-card-content\">\n                                                                                    <h6>Optimizing Business Travel Processes<\/h6>\n                                                                                                                            <p>We specialize in optimizing your business travel operations by offering efficient processes that covers every aspect of your journey. From providing tailored recommendations to offering personalized support, we ensure imrovements from start to finish. Our goal is to enhance your travel experience with expert guidance and coordination.<\/p>\n                                                                            <\/div>\n                                <\/div>\n                            <\/div>\n                                                    <div class=\"col-xl-4 col-md-6\">\n                                <div class=\"feature-card two\">\n                                                                            <div class=\"feature-card-icon\">\n                                            <svg aria-hidden=\"true\" class=\"e-font-icon-svg e-fas-home\" viewbox=\"0 0 576 512\" xmlns=\"http:\/\/www.w3.org\/2000\/svg\"><path d=\"M280.37 148.26L96 300.11V464a16 16 0 0 0 16 16l112.06-.29a16 16 0 0 0 15.92-16V368a16 16 0 0 1 16-16h64a16 16 0 0 1 16 16v95.64a16 16 0 0 0 16 16.05L464 480a16 16 0 0 0 16-16V300L295.67 148.26a12.19 12.19 0 0 0-15.3 0zM571.6 251.47L488 182.56V44.05a12 12 0 0 0-12-12h-56a12 12 0 0 0-12 12v72.61L318.47 43a48 48 0 0 0-61 0L4.34 251.47a12 12 0 0 0-1.6 16.9l25.5 31A12 12 0 0 0 45.15 301l235.22-193.74a12.19 12.19 0 0 1 15.3 0L530.9 301a12 12 0 0 0 16.9-1.6l25.5-31a12 12 0 0 0-1.7-16.93z\"><\/path><\/svg>                                        <\/div>\n                                                                        <div class=\"feature-card-content\">\n                                                                                    <h6>Accommodation Arrangements<\/h6>\n                                                                                                                            <p>We specialize in arranging accommodations tailored for your busy schedule. Our service ensures booking the closest, most suitable, and comfortable hotels near your workplace. We handle all reservation details, providing convenience and peace of mind during your business trips.<\/p>\n                                                                            <\/div>\n                                <\/div>\n                            <\/div>\n                                                    <div class=\"col-xl-4 col-md-6\">\n                                <div class=\"feature-card three\">\n                                                                            <div class=\"feature-card-icon\">\n                                            <svg aria-hidden=\"true\" class=\"e-font-icon-svg e-fas-car\" viewbox=\"0 0 512 512\" xmlns=\"http:\/\/www.w3.org\/2000\/svg\"><path d=\"M499.99 176h-59.87l-16.64-41.6C406.38 91.63 365.57 64 319.5 64h-127c-46.06 0-86.88 27.63-103.99 70.4L71.87 176H12.01C4.2 176-1.53 183.34.37 190.91l6 24C7.7 220.25 12.5 224 18.01 224h20.07C24.65 235.73 16 252.78 16 272v48c0 16.12 6.16 30.67 16 41.93V416c0 17.67 14.33 32 32 32h32c17.67 0 32-14.33 32-32v-32h256v32c0 17.67 14.33 32 32 32h32c17.67 0 32-14.33 32-32v-54.07c9.84-11.25 16-25.8 16-41.93v-48c0-19.22-8.65-36.27-22.07-48H494c5.51 0 10.31-3.75 11.64-9.09l6-24c1.89-7.57-3.84-14.91-11.65-14.91zm-352.06-17.83c7.29-18.22 24.94-30.17 44.57-30.17h127c19.63 0 37.28 11.95 44.57 30.17L384 208H128l19.93-49.83zM96 319.8c-19.2 0-32-12.76-32-31.9S76.8 256 96 256s48 28.71 48 47.85-28.8 15.95-48 15.95zm320 0c-19.2 0-48 3.19-48-15.95S396.8 256 416 256s32 12.76 32 31.9-12.8 31.9-32 31.9z\"><\/path><\/svg>                                        <\/div>\n                                                                        <div class=\"feature-card-content\">\n                                                                                    <h6>Transportdienste<\/h6>\n                                                                                                                            <p>Whether for individual or group business trips, our company arranges all transportation needs, ensuring seamless travel from airports to hotels or between locations for meetings. We provide efficient and reliable vehicle arrangements to enhance your travel experience.\n\n<\/p>\n                                                                            <\/div>\n                                <\/div>\n                            <\/div>\n                                                    <div class=\"col-xl-4 col-md-6\">\n                                <div class=\"feature-card\">\n                                                                            <div class=\"feature-card-icon\">\n                                            <svg aria-hidden=\"true\" class=\"e-font-icon-svg e-fas-star\" viewbox=\"0 0 576 512\" xmlns=\"http:\/\/www.w3.org\/2000\/svg\"><path d=\"M259.3 17.8L194 150.2 47.9 171.5c-26.2 3.8-36.7 36.1-17.7 54.6l105.7 103-25 145.5c-4.5 26.3 23.2 46 46.4 33.7L288 439.6l130.7 68.7c23.2 12.2 50.9-7.4 46.4-33.7l-25-145.5 105.7-103c19-18.5 8.5-50.8-17.7-54.6L382 150.2 316.7 17.8c-11.7-23.6-45.6-23.9-57.4 0z\"><\/path><\/svg>                                        <\/div>\n                                                                        <div class=\"feature-card-content\">\n                                                                                    <h6>Determining the Venue<\/h6>\n                                                                                                                            <p>Our company provides comprehensive support for organizing an event venue. We offer recommendations during the decision-making process, ensuring the selection of the ideal venue. We also handle the reservation and preparation to ensure the venue is set up perfectly for your event.\n<\/p>\n                                                                            <\/div>\n                                <\/div>\n                            <\/div>\n                                                    <div class=\"col-xl-4 col-md-6\">\n                                <div class=\"feature-card three\">\n                                                                            <div class=\"feature-card-icon\">\n                                            <svg aria-hidden=\"true\" class=\"e-font-icon-svg e-fas-coffee\" viewbox=\"0 0 640 512\" xmlns=\"http:\/\/www.w3.org\/2000\/svg\"><path d=\"M192 384h192c53 0 96-43 96-96h32c70.6 0 128-57.4 128-128S582.6 32 512 32H120c-13.3 0-24 10.7-24 24v232c0 53 43 96 96 96zM512 96c35.3 0 64 28.7 64 64s-28.7 64-64 64h-32V96h32zm47.7 384H48.3c-47.6 0-61-64-36-64h583.3c25 0 11.8 64-35.9 64z\"><\/path><\/svg>                                        <\/div>\n                                                                        <div class=\"feature-card-content\">\n                                                                                    <h6>Catering Services<\/h6>\n                                                                                                                            <p>We ensure organizing the restaurant reservations or catering agreements to meet dining needs for any event or individual business trip. Our services also include providing options of various culinary preferences for gala dinners and banquet events.\n\n<\/p>\n                                                                            <\/div>\n                                <\/div>\n                            <\/div>\n                                                    <div class=\"col-xl-4 col-md-6\">\n                                <div class=\"feature-card two\">\n                                                                            <div class=\"feature-card-icon\">\n                                            <svg aria-hidden=\"true\" class=\"e-font-icon-svg e-fas-store\" viewbox=\"0 0 616 512\" xmlns=\"http:\/\/www.w3.org\/2000\/svg\"><path d=\"M602 118.6L537.1 15C531.3 5.7 521 0 510 0H106C95 0 84.7 5.7 78.9 15L14 118.6c-33.5 53.5-3.8 127.9 58.8 136.4 4.5.6 9.1.9 13.7.9 29.6 0 55.8-13 73.8-33.1 18 20.1 44.3 33.1 73.8 33.1 29.6 0 55.8-13 73.8-33.1 18 20.1 44.3 33.1 73.8 33.1 29.6 0 55.8-13 73.8-33.1 18.1 20.1 44.3 33.1 73.8 33.1 4.7 0 9.2-.3 13.7-.9 62.8-8.4 92.6-82.8 59-136.4zM529.5 288c-10 0-19.9-1.5-29.5-3.8V384H116v-99.8c-9.6 2.2-19.5 3.8-29.5 3.8-6 0-12.1-.4-18-1.2-5.6-.8-11.1-2.1-16.4-3.6V480c0 17.7 14.3 32 32 32h448c17.7 0 32-14.3 32-32V283.2c-5.4 1.6-10.8 2.9-16.4 3.6-6.1.8-12.1 1.2-18.2 1.2z\"><\/path><\/svg>                                        <\/div>\n                                                                        <div class=\"feature-card-content\">\n                                                                                    <h6>Exhibition Services<\/h6>\n                                                                                                                            <p>We manage everything from venue selection to setup and execution. We handle negotiations, ensure the venue is equipped with high-quality audio systems, digital screens, platforms, and exhibition stands. Our team oversees every detail to guarantee a successful exhibition, allowing you to focus on showcasing your products and services.<\/p>\n                                                                            <\/div>\n                                <\/div>\n                            <\/div>\n                        \n                    <\/div>\n                <\/div>\n            <\/div>\n        \n        \n\n        \n        \n\n        \n\n        \n\t\t\t\t<\/div>\n\t\t\t\t<\/div>\n\t\t\t\t<\/div>\n\t\t<div class=\"elementor-element elementor-element-58c30e2 e-flex e-con-boxed e-con e-parent\" data-id=\"58c30e2\" data-element_type=\"container\">\n\t\t\t\t\t<div class=\"e-con-inner\">\n\t\t\t\t<div class=\"elementor-element elementor-element-8344d20 elementor-widget elementor-widget-heading\" data-id=\"8344d20\" data-element_type=\"widget\" data-widget_type=\"heading.default\">\n\t\t\t\t<div class=\"elementor-widget-container\">\n\t\t\t\t\t<h2 class=\"elementor-heading-title elementor-size-default\"><span style=\"font-family: Jost, sans-serif;font-size: 16px;font-weight: 400\"><p class=\"wpcf7-contact-form-not-found\"><strong>Fehler:<\/strong> Kontaktformular wurde nicht gefunden.<\/p><\/span><\/h2>\t\t\t\t<\/div>\n\t\t\t\t<\/div>\n\t\t\t\t\t<\/div>\n\t\t\t\t<\/div>\n\t\t\t\t<\/div>","protected":false},"excerpt":{"rendered":"<p>Business Travel \u00a0 You have made your decision \u2013 Berlin, Germany will be the destination for your next business trip. Time is a valuable asset and DMC Europe is ready to take over planning all the details according to your needs, thus you can focus on your business with complete peace of mind. Every little [&hellip;]<\/p>","protected":false},"author":1,"featured_media":0,"parent":0,"menu_order":0,"comment_status":"closed","ping_status":"closed","template":"","meta":{"inline_featured_image":false,"footnotes":""},"class_list":["post-2998","page","type-page","status-publish","hentry"],"_links":{"self":[{"href":"https:\/\/dmceuropa.com\/de\/wp-json\/wp\/v2\/pages\/2998","targetHints":{"allow":["GET"]}}],"collection":[{"href":"https:\/\/dmceuropa.com\/de\/wp-json\/wp\/v2\/pages"}],"about":[{"href":"https:\/\/dmceuropa.com\/de\/wp-json\/wp\/v2\/types\/page"}],"author":[{"embeddable":true,"href":"https:\/\/dmceuropa.com\/de\/wp-json\/wp\/v2\/users\/1"}],"replies":[{"embeddable":true,"href":"https:\/\/dmceuropa.com\/de\/wp-json\/wp\/v2\/comments?post=2998"}],"version-history":[{"count":0,"href":"https:\/\/dmceuropa.com\/de\/wp-json\/wp\/v2\/pages\/2998\/revisions"}],"wp:attachment":[{"href":"https:\/\/dmceuropa.com\/de\/wp-json\/wp\/v2\/media?parent=2998"}],"curies":[{"name":"wp","href":"https:\/\/api.w.org\/{rel}","templated":true}]}}