{"id":2995,"date":"2024-06-05T16:17:28","date_gmt":"2024-06-05T16:17:28","guid":{"rendered":"https:\/\/dmcgermany.dev.solinter.net\/?page_id=2995"},"modified":"2024-07-02T18:10:38","modified_gmt":"2024-07-02T18:10:38","slug":"group-travel","status":"publish","type":"page","link":"https:\/\/dmceuropa.com\/de\/group-travel\/","title":{"rendered":"Leisure Travel"},"content":{"rendered":"<div data-elementor-type=\"wp-page\" data-elementor-id=\"2995\" class=\"elementor elementor-2995\">\n\t\t\t\t<div class=\"elementor-element elementor-element-24d12847 e-flex e-con-boxed e-con e-parent\" data-id=\"24d12847\" data-element_type=\"container\">\n\t\t\t\t\t<div class=\"e-con-inner\">\n\t\t\t\t<div class=\"elementor-element elementor-element-48582d97 elementor-widget elementor-widget-text-editor\" data-id=\"48582d97\" data-element_type=\"widget\" data-widget_type=\"text-editor.default\">\n\t\t\t\t<div class=\"elementor-widget-container\">\n\t\t\t\t\t\t\t\t\t<p><\/p>\n<h2>Leisure Travel<\/h2>\n<p>\u00a0<\/p>\n<p>Entdecken Sie die deutsche Hauptstadt und ihre reizvolle Umgebung, w\u00e4hrend Sie Ihre Lieblingsstadt besuchen. Erleben Sie Berlin aus der Perspektive eines Einheimischen mit unserer fachkundigen F\u00fchrung. Sie m\u00f6chten lieber auf eigene Faust erkunden?<\/p>\n<p>Wir bieten ein personalisiertes Reiseprogramm, um eine unvergessliche Reise zu gew\u00e4hrleisten. Bei unseren Reisedienstleistungen k\u00fcmmern wir uns um alles von der Unterkunft bis zum Transport und bieten Ihnen eine umfassende L\u00f6sung zu einem wettbewerbsf\u00e4higen Preis. Auf diese Weise m\u00fcssen Sie sich nicht um die Koordination separater Arrangements f\u00fcr Hotels und Fl\u00fcge k\u00fcmmern.<\/p>\n<p>Dank unserer Kooperationsvertr\u00e4ge mit Partnern aus der Hotellerie, Gastronomie und Shuttle-Diensten k\u00f6nnen wir f\u00fcr Sie g\u00fcnstige Preise sichern. Stellen Sie sich vor, Sie wachen mit exotischen D\u00fcften und den ersten Ger\u00e4uschen des Tages auf, und das alles in einer au\u00dfergew\u00f6hnlichen Atmosph\u00e4re. In einer kleinen Gruppe entdecken wir verborgene Sch\u00e4tze, von denen andere nur tr\u00e4umen k\u00f6nnen. Von abgelegenen H\u00fctten bis hin zu pulsierenden Stadtzentren bieten unsere Kleingruppenreisen unglaubliche Erlebnisse und unvergessliche Momente in ganz Deutschland.<\/p>\n<p>DMC Europe erf\u00fcllt auf Anfrage gerne Ihre individuellen W\u00fcnsche! Sie planen eine Gruppen- oder Busreise f\u00fcr eine kleine oder gro\u00dfe Gruppe nach Berlin?<\/p>\n<p><\/p>\t\t\t\t\t\t\t\t<\/div>\n\t\t\t\t<\/div>\n\t\t\t\t\t<\/div>\n\t\t\t\t<\/div>\n\t\t<div class=\"elementor-element elementor-element-5324434 e-con-full e-flex e-con e-parent\" data-id=\"5324434\" data-element_type=\"container\">\n\t\t\t\t<div class=\"elementor-element elementor-element-99fe231 elementor-widget elementor-widget-triprex_feature\" data-id=\"99fe231\" data-element_type=\"widget\" data-widget_type=\"triprex_feature.default\">\n\t\t\t\t<div class=\"elementor-widget-container\">\n\t\t\t\t\t\n\n                    <div class=\"feature-card-section\">\n                <img decoding=\"async\" src=\"https:\/\/dmceuropa.com\/wp-content\/themes\/triprex\/assets\/img\/home1\/section-vector4.png\" alt=\"image\" class=\"section-vector4\">\n                <div class=\"container\">\n                    <div class=\"row\">\n                        <div class=\"col-lg-12\">\n                            <div class=\"section-title text-center mb-60\">\n                                                                                                    <h2> Wir unterst\u00fctzen Sie bei<\/h2>\n                                                            <\/div>\n                        <\/div>\n                    <\/div>\n                    <div class=\"row g-md-4 gy-5\">\n                                                    <div class=\"col-xl-4 col-md-6\">\n                                <div class=\"feature-card\">\n                                                                            <div class=\"feature-card-icon\">\n                                            <svg aria-hidden=\"true\" class=\"e-font-icon-svg e-fas-plane\" viewbox=\"0 0 576 512\" xmlns=\"http:\/\/www.w3.org\/2000\/svg\"><path d=\"M480 192H365.71L260.61 8.06A16.014 16.014 0 0 0 246.71 0h-65.5c-10.63 0-18.3 10.17-15.38 20.39L214.86 192H112l-43.2-57.6c-3.02-4.03-7.77-6.4-12.8-6.4H16.01C5.6 128-2.04 137.78.49 147.88L32 256 .49 364.12C-2.04 374.22 5.6 384 16.01 384H56c5.04 0 9.78-2.37 12.8-6.4L112 320h102.86l-49.03 171.6c-2.92 10.22 4.75 20.4 15.38 20.4h65.5c5.74 0 11.04-3.08 13.89-8.06L365.71 320H480c35.35 0 96-28.65 96-64s-60.65-64-96-64z\"><\/path><\/svg>                                        <\/div>\n                                                                        <div class=\"feature-card-content\">\n                                                                                    <h6>Custom Travel Planning<\/h6>\n                                                                                                                            <p>We specialize in organizing and implementing your unique travel ideas. Our flexible travel components can be individually combined to suit all types of tourist groups, ensuring a personalized and memorable experience.<\/p>\n                                                                            <\/div>\n                                <\/div>\n                            <\/div>\n                                                    <div class=\"col-xl-4 col-md-6\">\n                                <div class=\"feature-card two\">\n                                                                            <div class=\"feature-card-icon\">\n                                            <svg aria-hidden=\"true\" class=\"e-font-icon-svg e-fas-home\" viewbox=\"0 0 576 512\" xmlns=\"http:\/\/www.w3.org\/2000\/svg\"><path d=\"M280.37 148.26L96 300.11V464a16 16 0 0 0 16 16l112.06-.29a16 16 0 0 0 15.92-16V368a16 16 0 0 1 16-16h64a16 16 0 0 1 16 16v95.64a16 16 0 0 0 16 16.05L464 480a16 16 0 0 0 16-16V300L295.67 148.26a12.19 12.19 0 0 0-15.3 0zM571.6 251.47L488 182.56V44.05a12 12 0 0 0-12-12h-56a12 12 0 0 0-12 12v72.61L318.47 43a48 48 0 0 0-61 0L4.34 251.47a12 12 0 0 0-1.6 16.9l25.5 31A12 12 0 0 0 45.15 301l235.22-193.74a12.19 12.19 0 0 1 15.3 0L530.9 301a12 12 0 0 0 16.9-1.6l25.5-31a12 12 0 0 0-1.7-16.93z\"><\/path><\/svg>                                        <\/div>\n                                                                        <div class=\"feature-card-content\">\n                                                                                    <h6>Accommodation Arrangements<\/h6>\n                                                                                                                            <p>With our extensive network and partnerships with hotels, we handle all your accommodation reservations. We ensure that your lodging needs are met across all hotel categories, providing you with the best options and convenience.<\/p>\n                                                                            <\/div>\n                                <\/div>\n                            <\/div>\n                                                    <div class=\"col-xl-4 col-md-6\">\n                                <div class=\"feature-card three\">\n                                                                            <div class=\"feature-card-icon\">\n                                            <svg aria-hidden=\"true\" class=\"e-font-icon-svg e-fas-car\" viewbox=\"0 0 512 512\" xmlns=\"http:\/\/www.w3.org\/2000\/svg\"><path d=\"M499.99 176h-59.87l-16.64-41.6C406.38 91.63 365.57 64 319.5 64h-127c-46.06 0-86.88 27.63-103.99 70.4L71.87 176H12.01C4.2 176-1.53 183.34.37 190.91l6 24C7.7 220.25 12.5 224 18.01 224h20.07C24.65 235.73 16 252.78 16 272v48c0 16.12 6.16 30.67 16 41.93V416c0 17.67 14.33 32 32 32h32c17.67 0 32-14.33 32-32v-32h256v32c0 17.67 14.33 32 32 32h32c17.67 0 32-14.33 32-32v-54.07c9.84-11.25 16-25.8 16-41.93v-48c0-19.22-8.65-36.27-22.07-48H494c5.51 0 10.31-3.75 11.64-9.09l6-24c1.89-7.57-3.84-14.91-11.65-14.91zm-352.06-17.83c7.29-18.22 24.94-30.17 44.57-30.17h127c19.63 0 37.28 11.95 44.57 30.17L384 208H128l19.93-49.83zM96 319.8c-19.2 0-32-12.76-32-31.9S76.8 256 96 256s48 28.71 48 47.85-28.8 15.95-48 15.95zm320 0c-19.2 0-48 3.19-48-15.95S396.8 256 416 256s32 12.76 32 31.9-12.8 31.9-32 31.9z\"><\/path><\/svg>                                        <\/div>\n                                                                        <div class=\"feature-card-content\">\n                                                                                    <h6>Transportdienste<\/h6>\n                                                                                                                            <p>We manage all your transportation needs, including airport pickups, transfers to hotels, bus rentals for group trips to various destinations throughout the day. Our services ensure smooth and efficient travel for your group, providing comfort from arrival to departure. \n<\/p>\n                                                                            <\/div>\n                                <\/div>\n                            <\/div>\n                                                    <div class=\"col-xl-4 col-md-6\">\n                                <div class=\"feature-card\">\n                                                                            <div class=\"feature-card-icon\">\n                                            <svg aria-hidden=\"true\" class=\"e-font-icon-svg e-fas-map\" viewbox=\"0 0 576 512\" xmlns=\"http:\/\/www.w3.org\/2000\/svg\"><path d=\"M0 117.66v346.32c0 11.32 11.43 19.06 21.94 14.86L160 416V32L20.12 87.95A32.006 32.006 0 0 0 0 117.66zM192 416l192 64V96L192 32v384zM554.06 33.16L416 96v384l139.88-55.95A31.996 31.996 0 0 0 576 394.34V48.02c0-11.32-11.43-19.06-21.94-14.86z\"><\/path><\/svg>                                        <\/div>\n                                                                        <div class=\"feature-card-content\">\n                                                                                    <h6>Expert Tour Guide Services<\/h6>\n                                                                                                                            <p>Discover with a knowledgeable tour guide who provide insider knowledge of all destinations. Our sevices include organizing a tour guide who will ensure a comprehensive exploration of the city.<\/p>\n                                                                            <\/div>\n                                <\/div>\n                            <\/div>\n                                                    <div class=\"col-xl-4 col-md-6\">\n                                <div class=\"feature-card three\">\n                                                                            <div class=\"feature-card-icon\">\n                                            <svg aria-hidden=\"true\" class=\"e-font-icon-svg e-fas-music\" viewbox=\"0 0 512 512\" xmlns=\"http:\/\/www.w3.org\/2000\/svg\"><path d=\"M470.38 1.51L150.41 96A32 32 0 0 0 128 126.51v261.41A139 139 0 0 0 96 384c-53 0-96 28.66-96 64s43 64 96 64 96-28.66 96-64V214.32l256-75v184.61a138.4 138.4 0 0 0-32-3.93c-53 0-96 28.66-96 64s43 64 96 64 96-28.65 96-64V32a32 32 0 0 0-41.62-30.49z\"><\/path><\/svg>                                        <\/div>\n                                                                        <div class=\"feature-card-content\">\n                                                                                    <h6>Event Ticket Reservations<\/h6>\n                                                                                                                            <p>We organize tickets for museums, concerts, theaters, shows, and various events. Our service ensures your group has easy access to cultural and entertainment activities, providing a seamless and enjoyable experience.\n\n<\/p>\n                                                                            <\/div>\n                                <\/div>\n                            <\/div>\n                                                    <div class=\"col-xl-4 col-md-6\">\n                                <div class=\"feature-card two\">\n                                                                            <div class=\"feature-card-icon\">\n                                            <svg aria-hidden=\"true\" class=\"e-font-icon-svg e-fas-shopping-cart\" viewbox=\"0 0 576 512\" xmlns=\"http:\/\/www.w3.org\/2000\/svg\"><path d=\"M528.12 301.319l47.273-208C578.806 78.301 567.391 64 551.99 64H159.208l-9.166-44.81C147.758 8.021 137.93 0 126.529 0H24C10.745 0 0 10.745 0 24v16c0 13.255 10.745 24 24 24h69.883l70.248 343.435C147.325 417.1 136 435.222 136 456c0 30.928 25.072 56 56 56s56-25.072 56-56c0-15.674-6.447-29.835-16.824-40h209.647C430.447 426.165 424 440.326 424 456c0 30.928 25.072 56 56 56s56-25.072 56-56c0-22.172-12.888-41.332-31.579-50.405l5.517-24.276c3.413-15.018-8.002-29.319-23.403-29.319H218.117l-6.545-32h293.145c11.206 0 20.92-7.754 23.403-18.681z\"><\/path><\/svg>                                        <\/div>\n                                                                        <div class=\"feature-card-content\">\n                                                                                    <h6>Meal Bookings<\/h6>\n                                                                                                                            <p>We handle restaurant reservations during your tours, ensuring your group enjoys delicious meals prepared with quality ingredients. Our service includes coordinating meal times and making bookings at restaurants.\n<\/p>\n                                                                            <\/div>\n                                <\/div>\n                            <\/div>\n                        \n                    <\/div>\n                <\/div>\n            <\/div>\n        \n        \n\n        \n        \n\n        \n\n        \n\t\t\t\t<\/div>\n\t\t\t\t<\/div>\n\t\t\t\t<\/div>\n\t\t<div class=\"elementor-element elementor-element-fbe2d4a e-flex e-con-boxed e-con e-parent\" data-id=\"fbe2d4a\" data-element_type=\"container\">\n\t\t\t\t\t<div class=\"e-con-inner\">\n\t\t\t\t<div class=\"elementor-element elementor-element-b6415c8 elementor-widget elementor-widget-heading\" data-id=\"b6415c8\" data-element_type=\"widget\" data-widget_type=\"heading.default\">\n\t\t\t\t<div class=\"elementor-widget-container\">\n\t\t\t\t\t<h2 class=\"elementor-heading-title elementor-size-default\"><h2 data-elementor-setting-key=\"title\" data-pen-placeholder=\"Type Here...\" style=\"font-weight: var( --e-global-typography-primary-font-weight );font-family: var( --e-global-typography-primary-font-family ), Sans-serif\"><span style=\"font-family: Jost, sans-serif;font-size: 16px;font-weight: 400\"><p class=\"wpcf7-contact-form-not-found\"><strong>Fehler:<\/strong> Kontaktformular wurde nicht gefunden.<\/p><\/span><\/h2><\/h2>\t\t\t\t<\/div>\n\t\t\t\t<\/div>\n\t\t\t\t\t<\/div>\n\t\t\t\t<\/div>\n\t\t\t\t<\/div>","protected":false},"excerpt":{"rendered":"<p>Leisure Travel \u00a0 Discover Germany\u2019s capital and its charming surroundings while visiting your favorite city. Experience Berlin from a local\u2019s perspective with our expert guidance. Prefer to explore on your own? We provide personalized travel program to ensure a memorable journey.When it comes to our travel services, we handle everything from accommodation to transportation, providing [&hellip;]<\/p>","protected":false},"author":1,"featured_media":0,"parent":0,"menu_order":0,"comment_status":"closed","ping_status":"closed","template":"","meta":{"inline_featured_image":false,"footnotes":""},"class_list":["post-2995","page","type-page","status-publish","hentry"],"_links":{"self":[{"href":"https:\/\/dmceuropa.com\/de\/wp-json\/wp\/v2\/pages\/2995","targetHints":{"allow":["GET"]}}],"collection":[{"href":"https:\/\/dmceuropa.com\/de\/wp-json\/wp\/v2\/pages"}],"about":[{"href":"https:\/\/dmceuropa.com\/de\/wp-json\/wp\/v2\/types\/page"}],"author":[{"embeddable":true,"href":"https:\/\/dmceuropa.com\/de\/wp-json\/wp\/v2\/users\/1"}],"replies":[{"embeddable":true,"href":"https:\/\/dmceuropa.com\/de\/wp-json\/wp\/v2\/comments?post=2995"}],"version-history":[{"count":0,"href":"https:\/\/dmceuropa.com\/de\/wp-json\/wp\/v2\/pages\/2995\/revisions"}],"wp:attachment":[{"href":"https:\/\/dmceuropa.com\/de\/wp-json\/wp\/v2\/media?parent=2995"}],"curies":[{"name":"wp","href":"https:\/\/api.w.org\/{rel}","templated":true}]}}