{"id":16,"date":"2024-02-06T08:56:21","date_gmt":"2024-02-06T08:56:21","guid":{"rendered":"https:\/\/triprex.egenslab.com\/?page_id=16"},"modified":"2025-02-05T12:09:52","modified_gmt":"2025-02-05T12:09:52","slug":"about","status":"publish","type":"page","link":"https:\/\/dmceuropa.com\/de\/about\/","title":{"rendered":"\u00dcber Uns"},"content":{"rendered":"<p><img decoding=\"async\" src=\"https:\/\/dmceuropa.com\/wp-content\/themes\/triprex\/assets\/img\/home1\/section-vector1.png\" alt=\"image\" \/><\/p>\n<p>\u00dcber Uns<\/p>\n<h2>Erfahre mehr \u00fcber DEST&amp;EX Europe<\/h2>\n<ul id=\"pills-tab3\" role=\"tablist\">\n<li role=\"presentation\"><button id=\"tab-0\" role=\"tab\" type=\"button\" data-bs-toggle=\"pill\" data-bs-target=\"#content-0\" aria-controls=\"content-0\" aria-selected=\"true\"><br \/>\nFokus auf den Kunden <\/button><\/li>\n<\/ul>\n<p>Die Dest&amp;Ex European GmbH wurde im Jahr 2024 mit der Vision gegr\u00fcndet, erstklassige Reisedienstleistungen und ma\u00dfgeschneiderte MICE-L\u00f6sungen (Meetings, Incentives, Conferences, Exhibitions) f\u00fcr Unternehmen und Organisationen in ganz Europa anzubieten. Unser Gr\u00fcnderteam, bestehend aus erfahrenen Fachleuten der Reise- und Eventbranche, erkannte die wachsende Nachfrage nach qualitativ hochwertigen und individuell gestalteten Dienstleistungen in einem sich st\u00e4ndig ver\u00e4ndernden Markt.<\/p>\n<p>Wir konzentrieren uns darauf, ein starkes Netzwerk von Partnern und Dienstleistern aufzubauen, um unseren Kunden die besten Optionen f\u00fcr ihre Reisen und Veranstaltungen zu bieten. Durch unser Engagement f\u00fcr exzellenten Service und unsere F\u00e4higkeit, auf die spezifischen Bed\u00fcrfnisse unserer Kunden einzugehen, konnten wir schnell an Bekanntheit gewinnen und uns als vertrauensw\u00fcrdiger Partner etablieren.<\/p>\n<p>Mit unserem Know-how in der Planung und Durchf\u00fchrung von Messen und Ausstellungen unterst\u00fctzen wir Unternehmen dabei, ihre Marken erfolgreich zu pr\u00e4sentieren und wertvolle Kontakte zu kn\u00fcpfen. Unsere ma\u00dfgeschneiderten L\u00f6sungen helfen unseren Kunden, ihre Ziele zu erreichen und unvergessliche Erlebnisse zu schaffen.<\/p>\n<p>Um unseren Kunden ein noch umfassenderes Erlebnis zu bieten, haben wir unser Portfolio um einen Catering-Service erg\u00e4nzt. Unser Catering-Team bietet eine Vielzahl von kulinarischen Optionen, die auf die individuellen Bed\u00fcrfnisse und Vorlieben unserer Kunden abgestimmt sind. Ob f\u00fcr ein kleines Meeting, eine gro\u00dfe Konferenz oder eine Messe \u2013 wir sorgen daf\u00fcr, dass die Verpflegung ein Highlight jeder Veranstaltung wird.<\/p>\n<p>Die Dest&amp;Ex European GmbH ist stolz darauf, ein umfassendes Portfolio an Dienstleistungen anzubieten, das von der Reiseorganisation \u00fcber MICE-Planung bis hin zu Messedienstleistungen und Catering reicht. Unser engagiertes Team von Experten arbeitet kontinuierlich daran, innovative L\u00f6sungen zu entwickeln und unseren Kunden einen herausragenden Service zu bieten.<\/p>\n<p>Wir sind dankbar f\u00fcr das Vertrauen, das uns unsere Kunden entgegenbringen, und freuen uns darauf, auch in Zukunft ihre Erwartungen zu \u00fcbertreffen. Bei Dest&amp;Ex European GmbH setzen wir alles daran, Ihre Reisen und Veranstaltungen zu einem unvergesslichen Erlebnis zu machen.<\/p>\n<p><a>Mehr \u00fcber DEST&amp;EX Europe<\/a><br \/>\n<img decoding=\"async\" src=\"https:\/\/triprex.egenslab.com\/wp-content\/uploads\/2024\/02\/customer-img-grp.png\" alt=\"Image \" \/><\/p>\n<h6>600<\/h6>\n<p>+<\/p>\n<p>Kunde<\/p>\n<p><img decoding=\"async\" src=\"https:\/\/dmceuropa.com\/wp-content\/uploads\/2024\/07\/about-dmc-scaled.jpg\" alt=\"Image \" \/><br \/>\n<img decoding=\"async\" src=\"https:\/\/dmceuropa.com\/wp-content\/themes\/triprex\/assets\/img\/home1\/vector\/about-img-bg-vector.svg\" alt=\"image\" \/><\/p>\n<style>\/*! elementor - v3.21.0 - 30-04-2024 *\/<br \/>\n.elementor-heading-title{padding:0;margin:0;line-height:1}.elementor-widget-heading .elementor-heading-title[class*=elementor-size-]>a{color:inherit;font-size:inherit;line-height:inherit}.elementor-widget-heading .elementor-heading-title.elementor-size-small{font-size:15px}.elementor-widget-heading .elementor-heading-title.elementor-size-medium{font-size:19px}.elementor-widget-heading .elementor-heading-title.elementor-size-large{font-size:29px}.elementor-widget-heading .elementor-heading-title.elementor-size-xl{font-size:39px}.elementor-widget-heading .elementor-heading-title.elementor-size-xxl{font-size:59px}<\/style>\n<h2><p class=\"wpcf7-contact-form-not-found\"><strong>Fehler:<\/strong> Kontaktformular wurde nicht gefunden.<\/p><\/h2>","protected":false},"excerpt":{"rendered":"<p>About Us Let\u2019s know more about DEST&amp;EX Europe Focus On Customer Dest&amp;Ex European GmbH was founded in 2024 with the vision of providing first-class travel services and tailor-made MICE (Meetings, Incentives, Conferences, Exhibitions) solutions for companies and organisations across Europe. Our founding team, consisting of experienced travel and event industry professionals, recognised the growing demand [&hellip;]<\/p>","protected":false},"author":1,"featured_media":0,"parent":0,"menu_order":0,"comment_status":"closed","ping_status":"closed","template":"","meta":{"inline_featured_image":false,"footnotes":""},"class_list":["post-16","page","type-page","status-publish","hentry"],"_links":{"self":[{"href":"https:\/\/dmceuropa.com\/de\/wp-json\/wp\/v2\/pages\/16","targetHints":{"allow":["GET"]}}],"collection":[{"href":"https:\/\/dmceuropa.com\/de\/wp-json\/wp\/v2\/pages"}],"about":[{"href":"https:\/\/dmceuropa.com\/de\/wp-json\/wp\/v2\/types\/page"}],"author":[{"embeddable":true,"href":"https:\/\/dmceuropa.com\/de\/wp-json\/wp\/v2\/users\/1"}],"replies":[{"embeddable":true,"href":"https:\/\/dmceuropa.com\/de\/wp-json\/wp\/v2\/comments?post=16"}],"version-history":[{"count":0,"href":"https:\/\/dmceuropa.com\/de\/wp-json\/wp\/v2\/pages\/16\/revisions"}],"wp:attachment":[{"href":"https:\/\/dmceuropa.com\/de\/wp-json\/wp\/v2\/media?parent=16"}],"curies":[{"name":"wp","href":"https:\/\/api.w.org\/{rel}","templated":true}]}}